{"id":13770,"date":"2021-03-29T10:11:10","date_gmt":"2021-03-29T10:11:10","guid":{"rendered":"https:\/\/www.atelierallure.com\/?page_id=13770"},"modified":"2021-04-30T13:22:14","modified_gmt":"2021-04-30T13:22:14","slug":"datenschutz","status":"publish","type":"page","link":"https:\/\/www.atelierallure.com\/de\/datenschutz\/","title":{"rendered":"Datenschutz"},"content":{"rendered":"<h2>1. Datenschutz Allgemein<\/h2>\n<p>Der Schutz Ihrer Daten hat f\u00fcr uns einen hohen Stellenwert. Wir verarbeiten Ihre Daten daher ausschlie\u00dflich auf Grundlage und unter Einhaltung der gesetzlichen Bestimmungen:<\/p>\n<ul>\n<li>Datenschutzgrundverordnung, kurz: DSGVO<\/li>\n<li>Datenschutzgesetz, kurz: DSG,<\/li>\n<li>Telekommunikationsgesetz, kurz: TKG 2003<\/li>\n<li>sowie sonstige datenschutzrechtliche und zivilrechtliche Bestimmungen<\/li>\n<\/ul>\n<p>Unter personenbezogenen Daten verstehen sich Informationen, die einer bestimmten Person zugeordnet sind bzw. direkt oder indirekt einer Person zugeordnet werden k\u00f6nnen. Beispielsweise sind dies Name, E-Mail-, IP-Adresse, Alter oder Geschlecht einer Person.<\/p>\n<p>Verarbeitung ist jeder Vorgang (oder Vorgangsreihe) in Verbindung mit solchen Daten, etwa die Erhebung, die Speicherung oder die \u00dcbermittlung.<\/p>\n<p>Die Verarbeitung von personenbezogenen Daten ist dann rechtm\u00e4\u00dfig, wenn sie den Bedingungen des Artikels 6 der DSGVO entspricht. Das ist beispielsweise der Fall, wenn die Verarbeitung mit Ihrer Einwilligung (Art 6 Abs 1 lit a DSGVO), zur Erf\u00fcllung eines Vertrags oder Durchf\u00fchrung vorvertraglicher Ma\u00dfnahmen dem Betroffenen gegen\u00fcber (lit b), zur Erf\u00fcllung einer rechtlichen Verpflichtung (lit c) oder aufgrund eines berechtigen Interesses erfolgt (lit f).<\/p>\n<p>In weiterer Folge werden Sie auf dieser Seite \u00fcber die Art, den Umfang und den Zweck der jeweiligen Verarbeitung Ihrer Daten informiert.<\/p>\n<p>Verantwortlicher f\u00fcr die Datenverarbeitung:<br \/>\nATELIER ALLURE by THOMAS HAUSER<br \/>\nFeldgasse 10 Suite 16<br \/>\n1080 VIENNA I AUSTRIA<\/p>\n<p>Diese Datenschutzerkl\u00e4rung bezieht sich nur auf diese Website und deren Inhalt. Falls Sie \u00fcber Links auf unseren Seiten auf andere Seiten weitergeleitet werden, informieren Sie sich direkt auf der weitergeleiteten Website \u00fcber den jeweiligen Umgang mit Ihren Daten. Wir \u00fcberpr\u00fcfen Links, welche unsere Website verlassen, redaktionell \u00e4u\u00dferst sorgf\u00e4ltig. Trotzdem \u00fcbernehmen wir f\u00fcr Inhalte auf Seiten, auf die von dieser Website oder von einem anderen Internetauftritt aus gelinkt wird, keinerlei Haftung oder Verantwortung<\/p>\n<h2>2. Einzelne Datenverarbeitungsvorg\u00e4nge<\/h2>\n<h3>2.1. Kontakt mit uns\u200b<\/h3>\n<p>Sollten Sie uns per E-Mail oder mit unserem Kontaktformular kontaktieren, werden Ihre angegebenen Daten (Name, E-Mail-Adresse, Inhalt der Nachricht) zwecks Bearbeitung der Anfrage und f\u00fcr den Fall von Anschlussfragen sechs Monate bei uns gespeichert. Dabei erfolgt die Verarbeitung Ihrer Daten zur Erf\u00fcllung eines Vertragsverh\u00e4ltnisses bzw. zur Durchf\u00fchrung vorvertraglicher Ma\u00dfnahmen. Wir geben diese Daten nicht ohne Ihre Einwilligung an Dritte weiter.<\/p>\n<p>Die Daten, um deren Bereitstellung wir Sie bei Auftr\u00e4gen oder Anfragen ersuchen, ben\u00f6tigen wir f\u00fcr die Erbringung unserer Dienstleistungen im Rahmen des Vertragsverh\u00e4ltnisses bzw zur Leistung von Ausk\u00fcnften, um die Sie uns gebeten haben. Die Verarbeitung erfolgt somit mit Ihrer Zustimmung bzw. zur Erf\u00fcllung vertraglicher Verpflichtungen oder Durchf\u00fchrung vorvertraglicher Ma\u00dfnahmen. Diese Daten werden nach 1 Jahr gel\u00f6scht.<\/p>\n<h3>2.2. Server Logfiles<\/h3>\n<p>Unser Hosting-Provider (der Anbieter, der unsere Website auf seinen Servern hostet) erhebt und speichert bestimmte Daten \u00fcber Ihren Besuch auf unserer Website als sogenannte \u201eServer-Logfiles\u201c aufgrund eines berechtigten Interesses, da die Daten notwendig sind, um die Website technisch zu administrieren, die Servicequalit\u00e4t zu optimieren sowie Systemsicherheit zu gew\u00e4hren und Missbrauchsf\u00e4lle aufzukl\u00e4ren oder ihnen vorzubeugen.<\/p>\n<p>Zu diesen Daten z\u00e4hlen:<\/p>\n<ul>\n<li>Name der einzelnen besuchten Seite<\/li>\n<li>Uhrzeit und Datum des Besuches<\/li>\n<li>Menge der gesendeten Daten<\/li>\n<li>Link von dem aus Sie auf unsere Seite gelangt sind (Referrer URL)<\/li>\n<li>Verwendeter Browser, Betriebssystem samt Versionen<\/li>\n<li>Meldung \u00fcber erfolgreichen Abruf<\/li>\n<li>Anfragender Provider<\/li>\n<li>Ihre IP-Adresse<\/li>\n<\/ul>\n<p>Im Anlassfall werden bestimmte Daten erst nach endg\u00fcltiger Kl\u00e4rung des Falles gel\u00f6scht, falls diese aus Beweisgr\u00fcnden aufzubehalten sind.<\/p>\n<p>Das Rechenzentrum sowie das Servicezentrum unseres Hosting-Providers befinden sich in \u00d6sterreich. Das hei\u00dft, das Webhosting erfolgt ausschlie\u00dflich auf Servern, die sich im EU Raum befinden.<\/p>\n<h2>3. Datenverarbeitung und Cookies<\/h2>\n<p>Unsere Website verwendet sogenannte Cookies. Dabei handelt es sich um kleine Dateien, welche auf Ihrem Endger\u00e4t abgelegt werden. Sie verursachen keinen Schaden und dienen der Optimierung der Sicherheit und Nutzerfreundlichkeit durch Verwendung in Ihrem Browser. Einige dieser Cookies verbleiben auf Ihrem Ger\u00e4t, bis sie gel\u00f6scht werden. Diese Cookies erm\u00f6glichen es, Ihren Browser beim n\u00e4chsten Zugriff auf unsere Website wiederzuerkennen.<\/p>\n<p>Beim ersten Besuch unserer Website k\u00f6nnen Sie im Pop-Up-Menu die Zustimmung zur Verwendung unterschiedlicher Kategorien von Cookies erteilen. Sie k\u00f6nnen diese Datenschutzeinstellungen jederzeit mit Klick auf folgenden Button \u00e4ndern.<\/p>\n<p>[borlabs-cookie type=&#8220;btn-cookie-preference&#8220; title=&#8220;Datenschutzeinstellungen \u00e4ndern&#8220;\/]<\/p>\n<p>Bei der Deaktivierung von Cookies kann die volle Funktionalit\u00e4t unserer Website nicht gew\u00e4hrleistet werden.<\/p>\n<p>Wir verarbeiten \u00fcber die nachfolgend angef\u00fchrten Anbieter Daten \u00fcber Ihre Nutzung unserer Website, um diese bestm\u00f6glich an Ihre Interessen anpassen zu k\u00f6nnen. Die Verarbeitung der Daten erfolgt auf Grundlage Ihrer Einwilligung bzw. aufgrund unseres berechtigten Interesses.<\/p>\n<h2>3.1. Technisch erforderliche (essenzielle) Cookies<\/h2>\n<p>Diese Cookies sind unbedingt erforderlich, um die von Ihnen gew\u00fcnschten Funktionen\/ Dienste auf unserer Website anbieten zu k\u00f6nnen. Sie dienen dazu Ihre Spracheinstellungen bzw. Ihre Cookie-Einstellungen nicht bei fast jedem Klick auf unserer Website neu best\u00e4tigen zu m\u00fcssen. Die entsprechenden Daten werden mit Ihrer Einwilligung verarbeitet und dienen dem berechtigten Interesse an der Optimierung der Benutzerfreundlichkeit und Bedienbarkeit der Website.<\/p>\n<h4>BORLABS COOKIE<\/h4>\n<p>Wir verwenden Borlabs Cookie des Anbieters Borlab, Georg-Wilhelm-Str. 17 21107 Hamburg, Deutschland, welches technisch notwendige Cookies (borlabs-cookie) setzt, um Ihre Cookie-Einwilligungen zu speichern. Borlabs Cookie verarbeitet keinerlei personenbezogenen Daten. Im Cookie werden Ihre Einwilligungen, die Sie beim Betreten der Website gegeben haben, 1 Jahr lang gespeichert. M\u00f6chten Sie diese Einwilligungen widerrufen, l\u00f6schen Sie einfach das Cookie in Ihrem Browser. Wenn Sie die Website neu betreten\/neu laden, werden Sie erneut nach Ihrer Cookie-Einwilligung gefragt. Die Datenschutzerkl\u00e4rung von Borlabs finden Sie unter diesem Link.<\/p>\n<h4>Polylang\u200b<\/h4>\n<p>Zur richtigen Spracheinstellung der Website verwenden wir \u201cPolylang\u201d des Anbieters WP SYNTEX 28, rue Jean S\u00e9bastien Bach, 38090 Villefontaine, France damit die Website anhand ihrer Spracheinstellung passend angezeigt wird. Die Cookies von Polylang dienen ausschlie\u00dflich dazu, die von Ihnen gew\u00e4hlten Spracheinstellungen zu speichern, um unsere Website bei Ihrem n\u00e4chsten Besuch in der richtigen Sprache anzuzeigen und bleiben f\u00fcr 1 Jahr gespeichert. Die Datenschutzerkl\u00e4rung der Plattform \u201cPolylang\u201d finden Sie unter diesem <a href=\"https:\/\/eur03.safelinks.protection.outlook.com\/?url=https%3A%2F%2Fpolylang.pro%2Fprivacy-policy%2F&amp;data=04%7C01%7C%7Cf4c8020c27d849de904b08d8ef7ab56b%7C4ad2ff0dffb444bd8c8c9381ac67d43b%7C1%7C0%7C637522657608682929%7CUnknown%7CTWFpbGZsb3d8eyJWIjoiMC4wLjAwMDAiLCJQIjoiV2luMzIiLCJBTiI6Ik1haWwiLCJXVCI6Mn0%3D%7C1000&amp;sdata=GQ5NaTV4xJQXGGQM9seLXM8ZAAVYmlkuHtH4PaVjhYc%3D&amp;reserved=0\" target=\"_blank\" rel=\"noopener\">Link<\/a>.<\/p>\n<h4>WooCommerce \u200b<\/h4>\n<p>Im Shopsystem verwenden wir \u201cWooCommerce\u201d des Anbieters WooCommerce Ireland Ltd, 25 Herbert Place, Dublin, Dublin, D02 Ay86, Ireland, D02 AY86 damit der Warenkorb beim Verlassen der Seite nicht sofort zur\u00fcckgesetzt wird, speichern wir diesen. Die Cookies von WooCommerce dienen ausschlie\u00dflich dazu, ihren Warenkorb und die darin enthaltenen Produkte bzw. Angaben zu speichern, sodass Sie bei Ihrem n\u00e4chsten Besuch Ihren Einkauf fortsetzen und bleiben f\u00fcr 48 Stunden gespeichert. Die Datenschutzerkl\u00e4rung der Plattform \u201cWooCommerce\u201d finden Sie unter diesem Link.<\/p>\n<p>&nbsp;<\/p>\n<h4>Web-Analyse\u200b<\/h4>\n<p>Unsere Website setzt Google Analytics ein, einen Webanalysedienst von Google Ireland Limited, Gordon House, 4 Barrow St, Dublin, D04 E5W5, Irland (\u201eGoogle\u201c). Die durch Cookies erzeugten Informationen \u00fcber Benutzung unserer Website durch die Nutzer werden in der Regel an einen Server von Google in den USA \u00fcbertragen und dort gespeichert. Diese Bearbeitung erfolgt nur, wenn Sie bei Aufruf unserer Website der Verwendung von Marketing-Cookies zustimmen.<\/p>\n<p>Diese Datenverarbeitung erfolgt auf Basis der gesetzlichen Bestimmungen des \u00a7 96 Abs 3 TKG, aufgrund Ihrer Einwilligung sowie unseres berechtigen Interesses. Dies beinhaltet das Interesse an der Analyse, Optimierung und dem wirtschaftlichen Betrieb unseres Onlineangebotes\/Webauftritts. Wir haben mit dem Anbieter einen entsprechenden Vertrag zur Auftragsdatenverarbeitung abgeschlossen.<\/p>\n<p>Da uns die Privatsph\u00e4re unserer Nutzer wichtig ist, werden die Nutzerdaten pseudonymisiert. Durch die Pseudonymisierung ist nur mehr eine grobe Lokalisierung m\u00f6glich. Nutzerdaten werden f\u00fcr die Dauer von 24 Monaten gespeichert. Google Analytics nutzt folgende Cookies, welche \u00fcber die jeweilige Session hinaus gespeichert werden:<br \/>\n_ga: Wird zur Unterscheidung der Nutzer verwendet und 2 Jahre gespeichert.<br \/>\n_gid: Wird zur Unterscheidung der Nutzer verwendet und 24 Stunden gespeichert.<br \/>\n_gat: Wird zur Einschr\u00e4nkung der Anforderungsrate verwendet und 24 Stunden gespeichert.<\/p>\n<p>Mehr Informationen zum Umgang mit Nutzerdaten bei Google Analytics finden Sie in der <a href=\"https:\/\/eur03.safelinks.protection.outlook.com\/?url=https%3A%2F%2Fsupport.google.com%2Fanalytics%2Fanswer%2F6004245%3Fhl%3Dde&amp;data=04%7C01%7C%7Cf4c8020c27d849de904b08d8ef7ab56b%7C4ad2ff0dffb444bd8c8c9381ac67d43b%7C1%7C0%7C637522657608692921%7CUnknown%7CTWFpbGZsb3d8eyJWIjoiMC4wLjAwMDAiLCJQIjoiV2luMzIiLCJBTiI6Ik1haWwiLCJXVCI6Mn0%3D%7C1000&amp;sdata=ShyEcP8b65jAIlpozRzBBxQPIH4eyehVHnZQfFL3%2Bms%3D&amp;reserved=0\" target=\"_blank\" rel=\"noopener\">Datenschutzerkl\u00e4rung <\/a>von Google.<\/p>\n<h3>3.3. \u00dcbrige Einbindung von Diensten und Inhalten Dritter<\/h3>\n<p>Unser Onlineangebot beinhaltet unter anderem auch Inhalte Dritter, wie zum Beispiel Kartenmaterial von Google-Maps. Wenn Sie dieses verwenden wird vorausgesetzt, dass die Anbieter dieser Inhalte (nachfolgend bezeichnet als \u201eDritt-Anbieter\u201c) die IP-Adresse der Nutzer auslesen, da die IP-Adresse f\u00fcr die Darstellung dieser Inhalte notwendig ist. Wir bem\u00fchen uns deshalb nur solche Inhalte zu verwenden, deren jeweilige Anbieter die IP-Adresse lediglich zur Auslieferung der Inhalte verwenden. Jedoch haben wir keinen Einfluss darauf, falls die Dritt-Anbieter die IP-Adresse z.B. f\u00fcr statistische Zwecke speichern.<\/p>\n<h4>Google Maps\u200b<\/h4>\n<p>Unter Kontakt werden Landkarten des Dienstes \u201cGoogle Maps\u201d des Anbieters Google LLC, eingebunden.<\/p>\n<h4>reCAPTCHA\u200b<\/h4>\n<p>Unter Kontakt verwenden wir zur Unterscheidung, ob eine Anfrage durch eine nat\u00fcrliche Person erfolgt oder durch eine automatisierte, maschinelle Verarbeitung die \u201ereCAPTCHA\u201c Funktion von Google Ireland Limited, Gordon House, 4 Barrow St, Dublin, D04 E5W5, Irland (\u201eGoogle\u201c).<\/p>\n<h4>Google Fonts\u200b<\/h4>\n<p>Wir verwenden auf dieser Website von Google zur Verf\u00fcgung gestellte Schriften (\u201eGoogle Fonts\u201c) des Anbieters Google LLC. Die Fonts (Schriften) werden bei uns lokal gespeichert, eine \u00dcbermittlung ihrer IP Adresse an Google beim Laden unserer Fonts findet somit nicht statt.<\/p>\n<h2>4. Ihre Rechte<\/h2>\n<p>Bez\u00fcglich Ihrer Daten haben Sie die Rechte auf Auskunft, Berichtigung, L\u00f6schung, Einschr\u00e4nkung der Verarbeitung, Daten\u00fcbertragbarkeit, Widerruf und Widerspruch gegen Ihre Einwilligung.<\/p>\n<p>Sie erreichen uns unter folgenden Kontaktdaten:<\/p>\n<p>ATELIER ALLURE by THOMAS HAUSER<br \/>\nFeldgasse 10 Suite 16<br \/>\n1080 VIENNA I AUSTRIA<br \/>\ne-mail: info@atelierallure.com<\/p>\n<p>Wenn Sie glauben, dass die Verarbeitung Ihrer Daten gegen das Datenschutzrecht verst\u00f6\u00dft oder Ihre datenschutzrechtlichen Anspr\u00fcche sonst in einer Weise verletzt worden sind, haben Sie das Recht, sich bei der Aufsichtsbeh\u00f6rde zu beschweren. In \u00d6sterreich ist dies die Datenschutzbeh\u00f6rde. Die Anschrift lautet: \u00d6sterreichische Datenschutzbeh\u00f6rde, Wickenburggasse 8, 1080 Wien.<\/p>\n<p>Eine automatisierte Entscheidungsfindung einschlie\u00dflich Profiling erfolgt nicht. Sollten wir Ihre personenbezogenen Daten f\u00fcr einen anderen Zweck verarbeiten als den, f\u00fcr den wir diese Daten erhoben haben, geben wir Ihnen diesen Umstand bekannt und informieren Sie \u00fcber diesen anderen Zweck.<\/p>\n","protected":false},"excerpt":{"rendered":"<p>1. Datenschutz Allgemein Der Schutz Ihrer Daten hat f\u00fcr uns einen hohen Stellenwert. Wir verarbeiten Ihre Daten daher ausschlie\u00dflich auf Grundlage und unter Einhaltung der gesetzlichen Bestimmungen: Datenschutzgrundverordnung, kurz: DSGVO Datenschutzgesetz, kurz: DSG, Telekommunikationsgesetz, kurz: TKG 2003 sowie sonstige datenschutzrechtliche und zivilrechtliche Bestimmungen Unter personenbezogenen Daten verstehen sich Informationen, die einer bestimmten Person zugeordnet sind [&hellip;]<\/p>\n","protected":false},"author":2,"featured_media":0,"parent":0,"menu_order":0,"comment_status":"closed","ping_status":"closed","template":"","meta":{"footnotes":""},"class_list":["post-13770","page","type-page","status-publish","hentry"],"_links":{"self":[{"href":"https:\/\/www.atelierallure.com\/de\/wp-json\/wp\/v2\/pages\/13770","targetHints":{"allow":["GET"]}}],"collection":[{"href":"https:\/\/www.atelierallure.com\/de\/wp-json\/wp\/v2\/pages"}],"about":[{"href":"https:\/\/www.atelierallure.com\/de\/wp-json\/wp\/v2\/types\/page"}],"author":[{"embeddable":true,"href":"https:\/\/www.atelierallure.com\/de\/wp-json\/wp\/v2\/users\/2"}],"replies":[{"embeddable":true,"href":"https:\/\/www.atelierallure.com\/de\/wp-json\/wp\/v2\/comments?post=13770"}],"version-history":[{"count":1,"href":"https:\/\/www.atelierallure.com\/de\/wp-json\/wp\/v2\/pages\/13770\/revisions"}],"predecessor-version":[{"id":13771,"href":"https:\/\/www.atelierallure.com\/de\/wp-json\/wp\/v2\/pages\/13770\/revisions\/13771"}],"wp:attachment":[{"href":"https:\/\/www.atelierallure.com\/de\/wp-json\/wp\/v2\/media?parent=13770"}],"curies":[{"name":"wp","href":"https:\/\/api.w.org\/{rel}","templated":true}]}}